{"id":147,"date":"2022-08-30T21:46:36","date_gmt":"2022-08-30T19:46:36","guid":{"rendered":"http:\/\/konferencja.cdnpila.pl\/?page_id=147"},"modified":"2026-03-25T20:17:22","modified_gmt":"2026-03-25T19:17:22","slug":"147-2","status":"publish","type":"page","link":"https:\/\/konferencja.cdnpila.pl\/?page_id=147","title":{"rendered":"Olga Woj"},"content":{"rendered":"\n<div class=\"wp-block-columns is-layout-flex wp-container-core-columns-is-layout-28f84493 wp-block-columns-is-layout-flex\">\n<div class=\"wp-block-column is-layout-flow wp-block-column-is-layout-flow\">\n<figure class=\"wp-block-image size-full is-resized is-style-rounded\"><img loading=\"lazy\" decoding=\"async\" width=\"2560\" height=\"2560\" src=\"http:\/\/konferencja.cdnpila.pl\/wp-content\/uploads\/2026\/03\/woj-scaled.jpg\" alt=\"Woj\" class=\"wp-image-1933\" style=\"width:301px;height:auto\" srcset=\"https:\/\/konferencja.cdnpila.pl\/wp-content\/uploads\/2026\/03\/woj-scaled.jpg 2560w, https:\/\/konferencja.cdnpila.pl\/wp-content\/uploads\/2026\/03\/woj-300x300.jpg 300w, https:\/\/konferencja.cdnpila.pl\/wp-content\/uploads\/2026\/03\/woj-1024x1024.jpg 1024w, https:\/\/konferencja.cdnpila.pl\/wp-content\/uploads\/2026\/03\/woj-150x150.jpg 150w, https:\/\/konferencja.cdnpila.pl\/wp-content\/uploads\/2026\/03\/woj-768x768.jpg 768w, https:\/\/konferencja.cdnpila.pl\/wp-content\/uploads\/2026\/03\/woj-1536x1536.jpg 1536w, https:\/\/konferencja.cdnpila.pl\/wp-content\/uploads\/2026\/03\/woj-2048x2048.jpg 2048w\" sizes=\"auto, (max-width: 2560px) 100vw, 2560px\" \/><\/figure>\n<\/div>\n\n\n\n<div class=\"wp-block-column is-layout-flow wp-block-column-is-layout-flow\">\n<p>Neurodydaktyczka, polonistka, absolwentka Szko\u0142y Integralnej Ekopsychologii, trenerka kadry pedagogicznej i autorka szkole\u0144 z efektywnych narz\u0119dzi edukacyjnych dla nauczycieli. Za\u0142o\u017cycielka wydawnictwa&nbsp;<strong>M\u00f3zg na Warsztat.<\/strong>&nbsp;Autorka licencjonowanej metody nauki j. angielskiego&nbsp;<strong>Brain Buddies<\/strong>, z sieci\u0105 plac\u00f3wek w calej Polsce. Tw\u00f3rczyni platformy edukacyjnej&nbsp;<strong>Akademia Neurodydaktyki.<\/strong>&nbsp;Autorka licznych artyku\u0142\u00f3w i publikacji oraz tw\u00f3rczyni innowacji pedagogicznej&nbsp;<strong>Kreatywny Umys\u0142<\/strong>.<\/p>\n\n\n\n<p><\/p>\n<\/div>\n<\/div>\n\n\n\n<p><\/p>\n\n\n\n<div style=\"height:100px\" aria-hidden=\"true\" class=\"wp-block-spacer\"><\/div>\n","protected":false},"excerpt":{"rendered":"<p>Neurodydaktyczka, polonistka, absolwentka Szko\u0142y Integralnej Ekopsychologii, trenerka kadry pedagogicznej i autorka szkole\u0144 z efektywnych narz\u0119dzi edukacyjnych dla nauczycieli. Za\u0142o\u017cycielka wydawnictwa&nbsp;M\u00f3zg na Warsztat.&nbsp;Autorka licencjonowanej metody nauki j. angielskiego&nbsp;Brain Buddies, z sieci\u0105 plac\u00f3wek w calej Polsce. Tw\u00f3rczyni platformy edukacyjnej&nbsp;Akademia Neurodydaktyki.&nbsp;Autorka licznych artyku\u0142\u00f3w i publikacji oraz tw\u00f3rczyni innowacji pedagogicznej&nbsp;Kreatywny Umys\u0142.<\/p>\n","protected":false},"author":1,"featured_media":0,"parent":0,"menu_order":0,"comment_status":"closed","ping_status":"closed","template":"","meta":{"footnotes":""},"class_list":["post-147","page","type-page","status-publish","hentry"],"_links":{"self":[{"href":"https:\/\/konferencja.cdnpila.pl\/index.php?rest_route=\/wp\/v2\/pages\/147","targetHints":{"allow":["GET"]}}],"collection":[{"href":"https:\/\/konferencja.cdnpila.pl\/index.php?rest_route=\/wp\/v2\/pages"}],"about":[{"href":"https:\/\/konferencja.cdnpila.pl\/index.php?rest_route=\/wp\/v2\/types\/page"}],"author":[{"embeddable":true,"href":"https:\/\/konferencja.cdnpila.pl\/index.php?rest_route=\/wp\/v2\/users\/1"}],"replies":[{"embeddable":true,"href":"https:\/\/konferencja.cdnpila.pl\/index.php?rest_route=%2Fwp%2Fv2%2Fcomments&post=147"}],"version-history":[{"count":20,"href":"https:\/\/konferencja.cdnpila.pl\/index.php?rest_route=\/wp\/v2\/pages\/147\/revisions"}],"predecessor-version":[{"id":1941,"href":"https:\/\/konferencja.cdnpila.pl\/index.php?rest_route=\/wp\/v2\/pages\/147\/revisions\/1941"}],"wp:attachment":[{"href":"https:\/\/konferencja.cdnpila.pl\/index.php?rest_route=%2Fwp%2Fv2%2Fmedia&parent=147"}],"curies":[{"name":"wp","href":"https:\/\/api.w.org\/{rel}","templated":true}]}}