{"id":12,"date":"2022-08-25T20:27:38","date_gmt":"2022-08-25T18:27:38","guid":{"rendered":"https:\/\/konferencja.cdnpila.pl\/?page_id=12"},"modified":"2026-03-25T20:15:29","modified_gmt":"2026-03-25T19:15:29","slug":"strona-glowna","status":"publish","type":"page","link":"https:\/\/konferencja.cdnpila.pl\/","title":{"rendered":"Strona g\u0142\u00f3wna"},"content":{"rendered":"\n\n\n\n\n\n\n\n\n<hr class=\"wp-block-separator has-css-opacity is-style-default\"\/>\n\n\n\n<h3 class=\"wp-block-heading has-text-align-center\"><strong>Uczenie (si\u0119) ma sens \u2013 neurodydaktyka w edukacji<\/strong> <strong>XXI wieku.<\/strong><\/h3>\n\n\n\n<div style=\"height:16px\" aria-hidden=\"true\" class=\"wp-block-spacer\"><\/div>\n\n\n\n<h5 class=\"wp-block-heading has-text-align-center\">to temat przewodni konferencji organizowanej przez Centrum Doskonalenia Nauczycieli w Pile oraz Nadnotecki Instytut UAM w Pile, kt\u00f3ra odb\u0119dzie si\u0119<\/h5>\n\n\n\n<div style=\"height:16px\" aria-hidden=\"true\" class=\"wp-block-spacer\"><\/div>\n\n\n\n<h5 class=\"wp-block-heading has-text-align-center\"><strong>11 kwietnia 2026 r. o godz. 10:00<\/strong><br><strong>W Nadnoteckim Instytucie UAM w Pile, ul. Ko\u0142obrzeska 15<\/strong><\/h5>\n\n\n\n<p class=\"has-text-align-center\"><strong> <\/strong><\/p>\n\n\n\n<h6 class=\"wp-block-heading has-text-align-center\">Celem konferencji jest upowszechnienie wiedzy na temat neurodydaktyki oraz przedstawienie praktycznych strategii wspieraj\u0105cych efektywne, \u015bwiadome i anga\u017cuj\u0105ce uczenie si\u0119 w realiach wsp\u00f3\u0142czesnej szko\u0142y. Konferencja stwarza przestrze\u0144 do refleksji nad rol\u0105 nauczyciela w edukacji XXI wieku oraz inspiruje do wdra\u017cania rozwi\u0105za\u0144 dydaktycznych zgodnych z naturalnym rytmem pracy m\u00f3zgu, wzmacniaj\u0105cych zaanga\u017cowanie, samodzielno\u015b\u0107 i skuteczno\u015b\u0107 uczenia si\u0119<\/h6>\n\n\n\n<hr class=\"wp-block-separator has-css-opacity is-style-default\"\/>\n\n\n\n<div class=\"wp-block-buttons alignfull is-content-justification-center is-layout-flex wp-container-core-buttons-is-layout-a89b3969 wp-block-buttons-is-layout-flex\"><\/div>\n\n\n\n<center><a href=\"https:\/\/forms.office.com\/e\/uZ2HYFaYJC\"><button style=\"background-color: #003399; color: white; padding: 12px 24px;border: none;  border-radius: 8px;   cursor: pointer;font-size: 16px;  transition: background-color 0.3s;\">ZAPISY<\/button><\/a><\/center>\n\n\n\n<h2 class=\"wp-block-heading\">Program<\/h2>\n\n\n<figure class=\"wp-block-table is-style-stripes\">\n<table style=\"color: black;\">\n<tbody>\n<tr>\n<td><strong>10:00 \u2013 10:15<\/strong><\/td>\n<td>Otwarcie konferencji<\/td>\n<\/tr>\n<tr>\n<td><strong>10:15 \u2013 10:45<\/strong><strong><\/strong><\/td>\n<td><strong>Dr Pawe\u0142 Micha\u0142 Owsianny<\/strong><strong><\/strong> Zdrowy Krajobraz, Zdrowy M\u00f3zg Ucznia, Zdrowa Szko\u0142a \u2013 neurobiologia outdoor education w modelu One Health<\/td>\n<\/tr>\n<tr>\n<td><strong>10:45 \u2013 11:15<\/strong><strong><\/strong><\/td>\n<td><strong>Olga Woj<\/strong><strong><\/strong> M\u00f3zg na TAK &#8211; czyli pytania, ruch i do\u015bwiadczenia jako podstawa motywacji i ciekawo\u015bci poznawczej \u00a0<\/td>\n<\/tr>\n<tr>\n<td><strong>11:15 \u2013 11:45<\/strong><strong><\/strong><\/td>\n<td><strong>Dr hab. Joanna Mytnik, prof. uczelni, dyrektorka Centrum Nowoczesnej Edukacji Politechniki Gda\u0144skiej\u00a0 \u00a0<\/strong><strong><\/strong> 10 z\u0142otych zasad efektywnego uczenia si\u0119<\/td>\n<\/tr>\n<tr>\n<td><strong>11:45 \u2013 12:30<\/strong><\/td>\n<td>Przerwa na kaw\u0119<\/td>\n<\/tr>\n<tr>\n<td rowspan=\"3\"><strong>12:30 \u2013 13:30<\/strong><strong><\/strong> <strong>\u00a0<\/strong><\/td>\n<td><strong>Warsztat I <\/strong><strong><\/strong> <strong>Olga Woj<\/strong><strong><\/strong> Edukacja w rytmie m\u00f3zgu. Metodyka i strategie rozwijania kompetencji poznawczych w praktyce<\/td>\n<\/tr>\n<tr>\n<td><strong>Warsztat II <\/strong><strong><\/strong> <strong>Dr hab. Joanna Mytnik<\/strong><strong><\/strong> 10 z\u0142otych zasad efektywnego uczenia si\u0119<\/td>\n<\/tr>\n<tr>\n<td><strong>Warsztat III <\/strong><strong><\/strong> <strong>Beata J\u0119draszczak<\/strong><strong><\/strong> Tworzenie ETR-\u00f3w, czyli tekst\u00f3w \u0142atwych do czytania<\/td>\n<\/tr>\n<tr>\n<td><strong>13:30 \u2013 13:45<\/strong><\/td>\n<td>Podsumowanie i zako\u0144czenie konferencji<\/td>\n<\/tr>\n<\/tbody>\n<\/table>\n<\/figure>\n\n\n<hr class=\"wp-block-separator has-css-opacity is-style-default\"\/>\n\n\n\n<hr class=\"wp-block-separator has-css-opacity is-style-default\"\/>\n\n\n\n<h2 class=\"wp-block-heading\">Prelegenci<\/h2>\n\n\n\n<hr class=\"wp-block-separator has-css-opacity is-style-default\"\/>\n\n\n\n<center><figure><img decoding=\"async\" width=\"20%\" src=\"https:\/\/konferencja.cdnpila.pl\/wp-content\/uploads\/2026\/03\/2.jpg\" style=\"box-shadow: 0 4px 8px 0 rgba(0, 0, 0, 0.2), 0 6px 20px 0 rgba(0, 0, 0, 0.19); border-radius: 50%; \"><figcaption style=\"color: black;\">Dr\u202fPawe\u0142 M. Owsianny <\/figcaption><\/figure><\/center>\n\n\n\n<div style=\"height:17px\" aria-hidden=\"true\" class=\"wp-block-spacer\"><\/div>\n\n\n\n<p><strong>Dr\u202fPawe\u0142 M. Owsianny <\/strong>(Uniwersytet im. Adama Mickiewicza w Poznaniu, Centrum Doskonalenia Nauczycieli w Pile). Specjalizuje si\u0119 w ochronie \u015brodowiska, bior\u00f3\u017cnorodno\u015bci, zdrowiu \u015brodowiskowym, edukacji outdoorowej i zdrowotnej oraz rehabilitacji spo\u0142ecznej. <a href=\"https:\/\/konferencja.cdnpila.pl\/?page_id=1057\" data-type=\"page\" data-id=\"1057\">wi\u0119cej informacji<\/a><\/p>\n\n\n\n<div style=\"height:65px\" aria-hidden=\"true\" class=\"wp-block-spacer\"><\/div>\n\n\n\n<center><figure><img decoding=\"async\" width=\"26%\" src=\"http:\/\/konferencja.cdnpila.pl\/wp-content\/uploads\/2026\/03\/woj-scaled.jpg\" style=\"box-shadow: 0 4px 8px 0 rgba(0, 0, 0, 0.2), 0 6px 20px 0 rgba(0, 0, 0, 0.19); border-radius: 50%; \"><figcaption style=\"color: black;\">Olga Woj <\/figcaption><\/figure><\/center>\n\n\n\n<div style=\"height:17px\" aria-hidden=\"true\" class=\"wp-block-spacer\"><\/div>\n\n\n\n<p><strong>Olga Woj&nbsp;<\/strong>Neurodydaktyczka, polonistka, absolwentka Szko\u0142y Integralnej Ekopsychologii, trenerka kadry pedagogicznej i autorka szkole\u0144 z efektywnych narz\u0119dzi edukacyjnych dla nauczycieli.. <a href=\"https:\/\/konferencja.cdnpila.pl\/?page_id=147\" data-type=\"page\" data-id=\"147\">wi\u0119cej informacji<\/a><\/p>\n\n\n\n<div style=\"height:65px\" aria-hidden=\"true\" class=\"wp-block-spacer\"><\/div>\n\n\n\n<center><figure><img decoding=\"async\" width=\"25%\" src=\"http:\/\/konferencja.cdnpila.pl\/wp-content\/uploads\/2026\/03\/joannam.png\" style=\"box-shadow: 0 4px 8px 0 rgba(0, 0, 0, 0.2), 0 6px 20px 0 rgba(0, 0, 0, 0.19); border-radius: 70%; \"><figcaption style=\"color: black;\"> Dr hab. Joanna Mytnik <\/figcaption><\/figure><\/center>\n\n\n\n<div style=\"height:17px\" aria-hidden=\"true\" class=\"wp-block-spacer\"><\/div>\n\n\n\n<p><strong>Dr hab. Joanna Mytnik, prof. uczelni, dyrektorka Centrum Nowoczesnej Edukacji Politechniki Gda\u0144skiej<\/strong> Biolo\u017cka, naukowczyni i wyk\u0142adowczyni akademicka (od 1999 roku) i liderka zespo\u0142u Centrum Nowoczesnej Edukacji na Politechnice Gda\u0144skiej (od 2020 roku). Jej pasj\u0105 jest projektowanie ekosystem\u00f3w uczenia si\u0119 w oparciu o najnowsze wyniki bada\u0144 neuronaukowych i w uwa\u017cno\u015bci na potrzeby drugiego cz\u0142owieka. <a href=\"https:\/\/konferencja.cdnpila.pl\/?page_id=143\" data-type=\"page\" data-id=\"143\">wi\u0119cej informacji<\/a><\/p>\n\n\n\n<div style=\"height:65px\" aria-hidden=\"true\" class=\"wp-block-spacer\"><\/div>\n\n\n\n<h2 class=\"wp-block-heading\">Warsztaty<\/h2>\n\n\n\n<h4 class=\"wp-block-heading\">Warsztat 1: <strong>Olga Woj<\/strong><\/h4>\n\n\n\n<p style=\"color: black;\">Edukacja w rytmie m\u00f3zgu. Metodyka i strategie rozwijania kompetencji poznawczych w praktyce<\/p>\n\n\n\n<center><figure><img decoding=\"async\" width=\"26%\" src=\"http:\/\/konferencja.cdnpila.pl\/wp-content\/uploads\/2026\/03\/woj-scaled.jpg\" style=\"box-shadow: 0 4px 8px 0 rgba(0, 0, 0, 0.2), 0 6px 20px 0 rgba(0, 0, 0, 0.19); border-radius: 50%; \"><figcaption style=\"color: black;\">Olga Woj <\/figcaption><\/figure><\/center>\n\n\n\n<p><strong>Olga Woj&nbsp;<\/strong>Neurodydaktyczka, polonistka, absolwentka Szko\u0142y Integralnej Ekopsychologii, trenerka kadry pedagogicznej i autorka szkole\u0144 z efektywnych narz\u0119dzi edukacyjnych dla nauczycieli.. <a href=\"https:\/\/konferencja.cdnpila.pl\/?page_id=147\" data-type=\"page\" data-id=\"147\">wi\u0119cej informacji<\/a><\/p>\n\n\n\n<div style=\"height:65px\" aria-hidden=\"true\" class=\"wp-block-spacer\"><\/div>\n\n\n\n<h4 class=\"wp-block-heading\">Warsztat 2: <strong>Dr hab. Joanna Mytnik<\/strong><\/h4>\n\n\n\n<p style=\"color: black;\">10 z\u0142otych zasad efektywnego uczenia si\u0119<\/p>\n\n\n\n<center><figure><img decoding=\"async\" width=\"25%\" src=\"http:\/\/konferencja.cdnpila.pl\/wp-content\/uploads\/2026\/03\/joannam.png\" style=\"box-shadow: 0 4px 8px 0 rgba(0, 0, 0, 0.2), 0 6px 20px 0 rgba(0, 0, 0, 0.19); border-radius: 70%; \"><figcaption style=\"color: black;\"> Dr hab. Joanna Mytnik <\/figcaption><\/figure><\/center>\n\n\n\n<p><strong>Dr hab. Joanna Mytnik, prof. uczelni, dyrektorka Centrum Nowoczesnej Edukacji Politechniki Gda\u0144skiej<\/strong> Biolo\u017cka, naukowczyni i wyk\u0142adowczyni akademicka (od 1999 roku) i liderka zespo\u0142u Centrum Nowoczesnej Edukacji na Politechnice Gda\u0144skiej (od 2020 roku). Jej pasj\u0105 jest projektowanie ekosystem\u00f3w uczenia si\u0119 w oparciu o najnowsze wyniki bada\u0144 neuronaukowych i w uwa\u017cno\u015bci na potrzeby drugiego cz\u0142owieka. <a href=\"https:\/\/konferencja.cdnpila.pl\/?page_id=143\" data-type=\"page\" data-id=\"143\">wi\u0119cej informacji<\/a><\/p>\n\n\n\n<div style=\"height:17px\" aria-hidden=\"true\" class=\"wp-block-spacer\"><\/div>\n\n\n\n<h4 class=\"wp-block-heading\">Warsztat 3: <strong>Beata J\u0119draszczak<\/strong><\/h4>\n\n\n\n<p style=\"color: black;\">Tworzenie ETR-\u00f3w, czyli tekst\u00f3w \u0142atwych do czytania<\/p>\n\n\n\n<center><figure><img decoding=\"async\" width=\"20%\" src=\"http:\/\/konferencja.cdnpila.pl\/wp-content\/uploads\/2026\/03\/BJ3.jpg\" style=\"box-shadow: 0 4px 8px 0 rgba(0, 0, 0, 0.2), 0 6px 20px 0 rgba(0, 0, 0, 0.19); border-radius: 50%; \"><figcaption style=\"color: black;\">Beata J\u0119draszczak  <\/figcaption><\/figure><\/center>\n\n\n\n<div style=\"height:17px\" aria-hidden=\"true\" class=\"wp-block-spacer\"><\/div>\n\n\n\n<p><strong>Beata J\u0119draszczak<\/strong> &#8211; absolwentka filologii polskiej i oligofrenopedagogiki UAM w Poznaniu.&nbsp; Nauczycielka z wieloletnim do\u015bwiadczeniem pedagogicznym w r\u00f3\u017cnych \u015brodowiskach szkolnych: wiejskich i miejskich&#8230; <a href=\"https:\/\/konferencja.cdnpila.pl\/?page_id=508\" data-type=\"page\" data-id=\"508\">wi\u0119cej informacji<\/a><\/p>\n","protected":false},"excerpt":{"rendered":"<p>Uczenie (si\u0119) ma sens \u2013 neurodydaktyka w edukacji XXI wieku. to temat przewodni konferencji organizowanej przez Centrum Doskonalenia Nauczycieli w Pile oraz Nadnotecki Instytut UAM w Pile, kt\u00f3ra odb\u0119dzie si\u0119 11 kwietnia 2026 r. o godz. 10:00W Nadnoteckim Instytucie UAM w Pile, ul. Ko\u0142obrzeska 15 Celem konferencji jest upowszechnienie wiedzy [&hellip;]<\/p>\n","protected":false},"author":1,"featured_media":0,"parent":0,"menu_order":0,"comment_status":"closed","ping_status":"closed","template":"","meta":{"footnotes":""},"class_list":["post-12","page","type-page","status-publish","hentry"],"_links":{"self":[{"href":"https:\/\/konferencja.cdnpila.pl\/index.php?rest_route=\/wp\/v2\/pages\/12","targetHints":{"allow":["GET"]}}],"collection":[{"href":"https:\/\/konferencja.cdnpila.pl\/index.php?rest_route=\/wp\/v2\/pages"}],"about":[{"href":"https:\/\/konferencja.cdnpila.pl\/index.php?rest_route=\/wp\/v2\/types\/page"}],"author":[{"embeddable":true,"href":"https:\/\/konferencja.cdnpila.pl\/index.php?rest_route=\/wp\/v2\/users\/1"}],"replies":[{"embeddable":true,"href":"https:\/\/konferencja.cdnpila.pl\/index.php?rest_route=%2Fwp%2Fv2%2Fcomments&post=12"}],"version-history":[{"count":703,"href":"https:\/\/konferencja.cdnpila.pl\/index.php?rest_route=\/wp\/v2\/pages\/12\/revisions"}],"predecessor-version":[{"id":1939,"href":"https:\/\/konferencja.cdnpila.pl\/index.php?rest_route=\/wp\/v2\/pages\/12\/revisions\/1939"}],"wp:attachment":[{"href":"https:\/\/konferencja.cdnpila.pl\/index.php?rest_route=%2Fwp%2Fv2%2Fmedia&parent=12"}],"curies":[{"name":"wp","href":"https:\/\/api.w.org\/{rel}","templated":true}]}}