{"id":1057,"date":"2025-08-26T21:47:28","date_gmt":"2025-08-26T19:47:28","guid":{"rendered":"https:\/\/konferencja.cdnpila.pl\/?page_id=1057"},"modified":"2026-03-25T19:33:23","modified_gmt":"2026-03-25T18:33:23","slug":"dr-pawel-m-owsianny","status":"publish","type":"page","link":"https:\/\/konferencja.cdnpila.pl\/?page_id=1057","title":{"rendered":"Dr\u202fPawe\u0142 M. Owsianny"},"content":{"rendered":"\n<div class=\"wp-block-columns is-layout-flex wp-container-core-columns-is-layout-28f84493 wp-block-columns-is-layout-flex\">\n<div class=\"wp-block-column is-layout-flow wp-block-column-is-layout-flow\">\n<figure class=\"wp-block-image size-full is-resized is-style-rounded\"><img loading=\"lazy\" decoding=\"async\" width=\"485\" height=\"664\" src=\"http:\/\/konferencja.cdnpila.pl\/wp-content\/uploads\/2026\/03\/2.jpg\" alt=\"\" class=\"wp-image-1806\" style=\"width:298px;height:auto\" srcset=\"https:\/\/konferencja.cdnpila.pl\/wp-content\/uploads\/2026\/03\/2.jpg 485w, https:\/\/konferencja.cdnpila.pl\/wp-content\/uploads\/2026\/03\/2-219x300.jpg 219w\" sizes=\"auto, (max-width: 485px) 100vw, 485px\" \/><\/figure>\n<\/div>\n\n\n\n<div class=\"wp-block-column is-layout-flow wp-block-column-is-layout-flow\">\n<p>(Uniwersytet im. Adama Mickiewicza w Poznaniu, Centrum Doskonalenia Nauczycieli w Pile)<\/p>\n\n\n\n<p>Specjalizuje si\u0119 w ochronie \u015brodowiska, bior\u00f3\u017cnorodno\u015bci, zdrowiu \u015brodowiskowym, edukacji outdoorowej i zdrowotnej oraz rehabilitacji spo\u0142ecznej. Szeroko wsp\u00f3\u0142pracuje ze szko\u0142ami, organizacjami pozarz\u0105dowymi i instytucjami, tworz\u0105c programy edukacyjne i zaj\u0119cia terenowe dla dzieci, m\u0142odzie\u017cy i doros\u0142ych.<\/p>\n\n\n\n<p>Inicjator i prowadz\u0105cy cyklicznych otwartych wydarze\u0144 \u0142\u0105cz\u0105cych edukacj\u0119 ekologiczn\u0105 ze zdrowiem \u015brodowiskowym: \u201eMoczary\u201d, \u201eWiosenna Wycieczka Uniwersytecka\u201d czy \u201eNoc w Lesie\u201d. Dyrektor Nadnoteckiego Instytutu UAM w Pile. G\u0142\u00f3wny specjalista w Centrum Doskonalenia Nauczycieli w Pile. Wsp\u00f3\u0142tw\u00f3rca Bazy Rehabilitacji Nurkowej Krok po Kroku HSA na jezierze P\u0142otki w Pile &#8211; zajmuj\u0105cej si\u0119 rehabilitacj\u0105 spo\u0142eczn\u0105 os\u00f3b z niepe\u0142nosprawno\u015bciami przez nurkowanie. Przewodnicz\u0105cy Rady Naukowo-Spo\u0142ecznej Le\u015bnego Kompleksu Promocyjnego Puszcza Notecka i cz\u0142onek Rady Naukowej Wielkopolskiego Parku Narodowego. \u0141\u0105czy rol\u0119 naukowca, pedagoga i spo\u0142ecznika.<\/p>\n<\/div>\n<\/div>\n\n\n\n<p><\/p>\n","protected":false},"excerpt":{"rendered":"<p>(Uniwersytet im. Adama Mickiewicza w Poznaniu, Centrum Doskonalenia Nauczycieli w Pile) Specjalizuje si\u0119 w ochronie \u015brodowiska, bior\u00f3\u017cnorodno\u015bci, zdrowiu \u015brodowiskowym, edukacji outdoorowej i zdrowotnej oraz rehabilitacji spo\u0142ecznej. Szeroko wsp\u00f3\u0142pracuje ze szko\u0142ami, organizacjami pozarz\u0105dowymi i instytucjami, tworz\u0105c programy edukacyjne i zaj\u0119cia terenowe dla dzieci, m\u0142odzie\u017cy i doros\u0142ych. Inicjator i prowadz\u0105cy cyklicznych otwartych [&hellip;]<\/p>\n","protected":false},"author":1,"featured_media":0,"parent":0,"menu_order":0,"comment_status":"closed","ping_status":"closed","template":"","meta":{"footnotes":""},"class_list":["post-1057","page","type-page","status-publish","hentry"],"_links":{"self":[{"href":"https:\/\/konferencja.cdnpila.pl\/index.php?rest_route=\/wp\/v2\/pages\/1057","targetHints":{"allow":["GET"]}}],"collection":[{"href":"https:\/\/konferencja.cdnpila.pl\/index.php?rest_route=\/wp\/v2\/pages"}],"about":[{"href":"https:\/\/konferencja.cdnpila.pl\/index.php?rest_route=\/wp\/v2\/types\/page"}],"author":[{"embeddable":true,"href":"https:\/\/konferencja.cdnpila.pl\/index.php?rest_route=\/wp\/v2\/users\/1"}],"replies":[{"embeddable":true,"href":"https:\/\/konferencja.cdnpila.pl\/index.php?rest_route=%2Fwp%2Fv2%2Fcomments&post=1057"}],"version-history":[{"count":5,"href":"https:\/\/konferencja.cdnpila.pl\/index.php?rest_route=\/wp\/v2\/pages\/1057\/revisions"}],"predecessor-version":[{"id":1919,"href":"https:\/\/konferencja.cdnpila.pl\/index.php?rest_route=\/wp\/v2\/pages\/1057\/revisions\/1919"}],"wp:attachment":[{"href":"https:\/\/konferencja.cdnpila.pl\/index.php?rest_route=%2Fwp%2Fv2%2Fmedia&parent=1057"}],"curies":[{"name":"wp","href":"https:\/\/api.w.org\/{rel}","templated":true}]}}